{"id":243,"date":"2020-03-19T18:06:56","date_gmt":"2020-03-19T17:06:56","guid":{"rendered":"https:\/\/www.hotelri.fr\/?page_id=243"},"modified":"2020-03-19T18:08:09","modified_gmt":"2020-03-19T17:08:09","slug":"things-to-see-do","status":"publish","type":"page","link":"https:\/\/www.hotelri.fr\/en\/things-to-see-do\/","title":{"rendered":"Things to see &#038; do"},"content":{"rendered":"[vc_row type=&#8221;in_container&#8221; full_screen_row_position=&#8221;middle&#8221; column_margin=&#8221;default&#8221; scene_position=&#8221;center&#8221; text_color=&#8221;dark&#8221; text_align=&#8221;left&#8221; zindex=&#8221;1&#8243; overlay_strength=&#8221;0.3&#8243; shape_divider_position=&#8221;bottom&#8221; bg_image_animation=&#8221;none&#8221; shape_type=&#8221;&#8221;][vc_column column_padding=&#8221;no-extra-padding&#8221; column_padding_position=&#8221;all&#8221; background_color_opacity=&#8221;1&#8243; background_hover_color_opacity=&#8221;1&#8243; column_link_target=&#8221;_self&#8221; column_shadow=&#8221;none&#8221; column_border_radius=&#8221;none&#8221; width=&#8221;1\/1&#8243; tablet_width_inherit=&#8221;default&#8221; tablet_text_alignment=&#8221;default&#8221; phone_text_alignment=&#8221;default&#8221; overlay_strength=&#8221;0.3&#8243; column_border_width=&#8221;none&#8221; column_border_style=&#8221;solid&#8221; bg_image_animation=&#8221;none&#8221;]<style type=\"text\/css\">@media only screen and (min-width: 1300px) { #nectar-slider-instance-1, #nectar-slider-instance-1 .swiper-container { height: 650px; }  } @media only screen and (max-width: 1299px) { #nectar-slider-instance-1, #nectar-slider-instance-1 .swiper-container { height: 541.66666666667px; }  } @media only screen and (max-width: 1000px) { #nectar-slider-instance-1, #nectar-slider-instance-1 .swiper-container { height: 464.28571428571px; }  } @media only screen and (max-width: 690px) { #nectar-slider-instance-1, #nectar-slider-instance-1 .swiper-container { height: 240.74074074074px; }  } <\/style><div  data-transition=\"slide\" data-overall_style=\"classic\" data-flexible-height=\"\" data-animate-in-effect=\"none\" data-fullscreen=\"false\" data-button-sizing=\"regular\" data-button-styling=\"btn_with_count\" data-autorotate=\"\" data-parallax=\"false\" data-parallax-disable-mobile=\"\" data-caption-trans=\"fade_in_from_bottom\" data-parallax-style=\"bg_only\" data-bg-animation=\"none\" data-full-width=\"true\" class=\"nectar-slider-wrap \" id=\"nectar-slider-instance-1\"><div class=\"swiper-container\"  data-tho=\"auto\" data-tco=\"auto\" data-pho=\"auto\" data-pco=\"auto\" data-loop=\"false\" data-height=\"650\" data-min-height=\"\" data-arrows=\"false\" data-bullets=\"false\" data-bullet_style=\"see_through\" data-bullet_position=\"bottom\" data-desktop-swipe=\"false\" data-settings=\"\"> <div class=\"swiper-wrapper\"><div class=\"swiper-slide\" data-desktop-content-width=\"auto\" data-tablet-content-width=\"auto\" data-bg-alignment=\"center\" data-color-scheme=\"light\" data-x-pos=\"left\" data-y-pos=\"middle\" ><div class=\"slide-bg-wrap\"><div class=\"image-bg\" style=\"background-image: url(https:\/\/www.hotelri.fr\/wp-content\/uploads\/2020\/03\/bandeau-issenheim-vue-vosges.jpg);\"> &nbsp; <\/div><\/div><div class=\"container\">\n\t\t\t\t\t\t<div class=\"content\"><h3 class=\"ns-heading-el\">Issenheim, where the mountain starts<\/h3><\/div>\n\t\t\t\t\t\t\t\t<\/div><!--\/container--><div class=\"video-texture \"> <span class=\"ie-fix\"><\/span> <\/div><\/div> <!--\/swiper-slide--><\/div><div class=\"nectar-slider-loading \"> <span class=\"loading-icon none\">   <\/span> <\/div> <\/div> \n\t\t\t\t\t\n\t\t\t\t\t<\/div>[\/vc_column][\/vc_row][vc_row type=&#8221;full_width_content&#8221; full_screen_row_position=&#8221;middle&#8221; column_margin=&#8221;default&#8221; bg_color=&#8221;#ffffff&#8221; scene_position=&#8221;center&#8221; text_color=&#8221;dark&#8221; text_align=&#8221;left&#8221; overlay_strength=&#8221;0.3&#8243; shape_divider_position=&#8221;bottom&#8221; bg_image_animation=&#8221;none&#8221; shape_type=&#8221;&#8221;][vc_column column_padding=&#8221;no-extra-padding&#8221; column_padding_position=&#8221;all&#8221; background_color_opacity=&#8221;1&#8243; background_hover_color_opacity=&#8221;1&#8243; column_link_target=&#8221;_self&#8221; column_shadow=&#8221;none&#8221; column_border_radius=&#8221;none&#8221; width=&#8221;1\/6&#8243; tablet_width_inherit=&#8221;default&#8221; tablet_text_alignment=&#8221;default&#8221; phone_text_alignment=&#8221;default&#8221; overlay_strength=&#8221;0.3&#8243; column_border_width=&#8221;none&#8221; column_border_style=&#8221;solid&#8221; bg_image_animation=&#8221;none&#8221;][\/vc_column][vc_column column_padding=&#8221;no-extra-padding&#8221; column_padding_position=&#8221;all&#8221; background_color_opacity=&#8221;1&#8243; background_hover_color_opacity=&#8221;1&#8243; column_link_target=&#8221;_self&#8221; column_shadow=&#8221;none&#8221; column_border_radius=&#8221;none&#8221; top_margin=&#8221;40&#8243; el_class=&#8221;colonnecontenu&#8221; width=&#8221;2\/3&#8243; tablet_width_inherit=&#8221;default&#8221; tablet_text_alignment=&#8221;default&#8221; phone_text_alignment=&#8221;default&#8221; overlay_strength=&#8221;0.3&#8243; column_border_width=&#8221;none&#8221; column_border_style=&#8221;solid&#8221; bg_image_animation=&#8221;none&#8221;][vc_column_text]\n<h1>Things to see and discover around Issenheim<\/h1>\n<p><strong>The alsatian Wine road<\/strong><\/p>\n<p>The alsatian wine road also called \u201cRoute des vins d\u2019alsace\u201d starts in Thann and finishes up in Marlenheim. Upon the way you can taste world famous wine and discover the beautiful villages of Eguisheim, Colmar, Riquewihr, Ribeauvill\u00e9, Barr, Obernai, Kaysersberg\u2026<\/p>\n<p>The Relais d&#8217;Issenheim is in the heart of the village of the same name, and more particularly in front of the Vosges vineyards benefiting from the &#8220;Grand Cru&#8221; appellation : Kitterl\u00e9, Saering, Kessler, et Spiegel. Strategic location to discover this &#8220;Wine Route&#8221;, but also the route des Cr\u00e8tes, Uffholtz, Wattwiller, Viel Armand Cemetery, the Markstein, the Grand Ballon, the Schlucht Pass, G\u00e9rardmer or Munster.<\/p>\n<p>Also Guebwiller is located nearby Uffholtz, Wattwiller, Cimeti\u00e8re du Vieil Armand, Markstein, Grand Ballon, Gerardmer, Col de la Schlucht and Munster which all offer very nice hiking roads or charming visits.<\/p>\n<p>The markstein offers a lot of skiing options but if you visit us during summer you\u2019ll find many options for visits around Issenheim. If you like museum we advice to have a look at the Ecomus\u00e9e or Parc de Petit Prince. If you prefer visiting a charming village you can go to Riquewihr, Kaysersberg or Eguisheim. Finally if you want to visit a big city Colmar, Strasbourg or even Freiburg (Germany) and Basel (Switzerland) offer amazing options ![\/vc_column_text][divider line_type=&#8221;No Line&#8221; custom_height=&#8221;40&#8243;][vc_row_inner column_margin=&#8221;default&#8221; text_align=&#8221;left&#8221;][vc_column_inner column_padding=&#8221;no-extra-padding&#8221; column_padding_position=&#8221;all&#8221; background_color_opacity=&#8221;1&#8243; background_hover_color_opacity=&#8221;1&#8243; column_shadow=&#8221;none&#8221; column_border_radius=&#8221;none&#8221; column_link_target=&#8221;_self&#8221; width=&#8221;1\/2&#8243; tablet_width_inherit=&#8221;default&#8221; overlay_strength=&#8221;0.3&#8243; column_border_width=&#8221;none&#8221; column_border_style=&#8221;solid&#8221; bg_image_animation=&#8221;none&#8221;][vc_column_text]<strong>Located nearby<\/strong><\/p>\n<p>\u2013\u00a0<a class=\"undefined\" title=\"Mus\u00e9e national de l'automobile\" href=\"http:\/\/www.tourisme-alsace.com\/fr\/musees\/cite-automobile.html\" target=\"_blank\" rel=\"noopener noreferrer\">Mus\u00e9e national de l\u2019Automobile<\/a>\u00a0(Mulhouse)<br \/>\n\u2013\u00a0<a class=\"undefined\" title=\"Ch\u00e2teau du haut-Koenigsbourg\" href=\"http:\/\/www.tourisme-alsace.com\/fr\/chateaux\/haut-koenigsbourg.html\" target=\"_blank\" rel=\"noopener noreferrer\">Ch\u00e2teau du Haut-Koenigsbourg<\/a><br \/>\n\u2013\u00a0<a href=\"https:\/\/www.parcdupetitprince.com\/\" target=\"_blank\" rel=\"noopener noreferrer\">Parc du petit Prince<\/a>\u00a0(Ungersheim)<br \/>\n\u2013\u00a0<a class=\"undefined\" title=\"Ecomus\u00e9e d'Alsace\" href=\"http:\/\/www.tourisme-alsace.com\/fr\/loisirs-ludiques\/loisirs-ludiques-ecomusee.html\" target=\"_blank\" rel=\"noopener noreferrer\">Ecomus\u00e9e d\u2019Alsace<\/a>\u00a0(Ungersheim)<br \/>\n\u2013\u00a0<a class=\"undefined\" title=\"Music Hall\" href=\"http:\/\/www.tourisme-alsace.com\/fr\/casinos\/\" target=\"_blank\" rel=\"noopener noreferrer\">Music Hall<\/a>\u00a0(Soultzmatt \u2013 Kirrwiller)<br \/>\n\u2013\u00a0<a class=\"undefined\" title=\"Casinos en Alsace\" href=\"http:\/\/www.tourisme-alsace.com\/fr\/casinos\/\" target=\"_blank\" rel=\"noopener noreferrer\">Casinos<\/a>\u00a0(B\u00e2le, Blotzheim, Niederbronn, Ribeauvill\u00e9)<br \/>\n\u2013\u00a0<a class=\"undefined\" title=\"Europa Park\" href=\"http:\/\/www.tourisme-alsace.com\/fr\/a-faire-dans-les-environs\/environs-alsace-europapark.html\" target=\"_blank\" rel=\"noopener noreferrer\">EuropaPark<\/a>\u00a0(Rust \u2013 Allemagne)<br \/>\n\u2013\u00a0<a class=\"undefined\" title=\"Golfs en Alsace\" href=\"http:\/\/www.tourisme-alsace.com\/fr\/golfs\/\" target=\"_blank\" rel=\"noopener noreferrer\">Golf<\/a>\u00a0(Rouffach, Wittelsheim, Ammerschwihr\u2026)<br \/>\n\u2013\u00a0<a href=\"http:\/\/www.les-dominicains.com\/\" target=\"_blank\" rel=\"noopener noreferrer\">Les Dominicains de Haute Alsace<\/a>\u00a0(Guebwiller)<br \/>\n\u2013\u00a0<a href=\"http:\/\/www.ville-guebwiller.fr\/culture\/lieux-culturels\/musee-theodore-deck-des-pays-du-florival\/\" target=\"_blank\" rel=\"noopener noreferrer\">Mus\u00e9e Th\u00e9odore Deck<\/a>\u00a0(Guebwiller)<br \/>\n\u2013\u00a0<a href=\"http:\/\/www.route-romane-alsace.fr\/\" target=\"_blank\" rel=\"noopener noreferrer\">Sur la route Romane<\/a><\/p>\n<p>Discover other option here:\u00a0 <a href=\"https:\/\/www.visit.alsace\" target=\"_blank\" rel=\"noopener noreferrer\">visit.alsace<\/a>[\/vc_column_text][\/vc_column_inner][vc_column_inner column_padding=&#8221;no-extra-padding&#8221; column_padding_position=&#8221;all&#8221; background_color_opacity=&#8221;1&#8243; background_hover_color_opacity=&#8221;1&#8243; column_shadow=&#8221;none&#8221; column_border_radius=&#8221;none&#8221; column_link_target=&#8221;_self&#8221; width=&#8221;1\/2&#8243; tablet_width_inherit=&#8221;default&#8221; overlay_strength=&#8221;0.3&#8243; column_border_width=&#8221;none&#8221; column_border_style=&#8221;solid&#8221; bg_image_animation=&#8221;none&#8221;][image_with_animation image_url=&#8221;220&#8243; alignment=&#8221;&#8221; animation=&#8221;Fade In&#8221; hover_animation=&#8221;none&#8221; border_radius=&#8221;none&#8221; box_shadow=&#8221;none&#8221; image_loading=&#8221;default&#8221; max_width=&#8221;100%&#8221; max_width_mobile=&#8221;default&#8221;][\/vc_column_inner][\/vc_row_inner][\/vc_column][vc_column column_padding=&#8221;no-extra-padding&#8221; column_padding_position=&#8221;all&#8221; background_color_opacity=&#8221;1&#8243; background_hover_color_opacity=&#8221;1&#8243; column_link_target=&#8221;_self&#8221; column_shadow=&#8221;none&#8221; column_border_radius=&#8221;none&#8221; width=&#8221;1\/6&#8243; tablet_width_inherit=&#8221;default&#8221; tablet_text_alignment=&#8221;default&#8221; phone_text_alignment=&#8221;default&#8221; overlay_strength=&#8221;0.3&#8243; column_border_width=&#8221;none&#8221; column_border_style=&#8221;solid&#8221; bg_image_animation=&#8221;none&#8221;][\/vc_column][\/vc_row]\n","protected":false},"excerpt":{"rendered":"<p>[vc_row type=&#8221;in_container&#8221; full_screen_row_position=&#8221;middle&#8221; column_margin=&#8221;default&#8221; scene_position=&#8221;center&#8221; text_color=&#8221;dark&#8221; text_align=&#8221;left&#8221; zindex=&#8221;1&#8243; overlay_strength=&#8221;0.3&#8243; shape_divider_position=&#8221;bottom&#8221; bg_image_animation=&#8221;none&#8221; shape_type=&#8221;&#8221;][vc_column column_padding=&#8221;no-extra-padding&#8221; column_padding_position=&#8221;all&#8221; background_color_opacity=&#8221;1&#8243; background_hover_color_opacity=&#8221;1&#8243; column_link_target=&#8221;_self&#8221; column_shadow=&#8221;none&#8221; column_border_radius=&#8221;none&#8221; width=&#8221;1\/1&#8243; tablet_width_inherit=&#8221;default&#8221; tablet_text_alignment=&#8221;default&#8221; phone_text_alignment=&#8221;default&#8221; overlay_strength=&#8221;0.3&#8243; column_border_width=&#8221;none&#8221; column_border_style=&#8221;solid&#8221; bg_image_animation=&#8221;none&#8221;][\/vc_column][\/vc_row][vc_row type=&#8221;full_width_content&#8221; full_screen_row_position=&#8221;middle&#8221; column_margin=&#8221;default&#8221;&#8230;<\/p>\n","protected":false},"author":2,"featured_media":0,"parent":0,"menu_order":0,"comment_status":"closed","ping_status":"closed","template":"","meta":{"footnotes":""},"class_list":["post-243","page","type-page","status-publish"],"yoast_head":"<!-- This site is optimized with the Yoast SEO plugin v27.1.1 - https:\/\/yoast.com\/product\/yoast-seo-wordpress\/ -->\n<title>Things to see &amp; do - Hotel Relais d&#039;Issenheim<\/title>\n<meta name=\"robots\" content=\"index, follow, max-snippet:-1, max-image-preview:large, max-video-preview:-1\" \/>\n<link rel=\"canonical\" href=\"https:\/\/www.hotelri.fr\/en\/things-to-see-do\/\" \/>\n<meta property=\"og:locale\" content=\"en_US\" \/>\n<meta property=\"og:type\" content=\"article\" \/>\n<meta property=\"og:title\" content=\"Things to see &amp; do - Hotel Relais d&#039;Issenheim\" \/>\n<meta property=\"og:description\" content=\"[vc_row type=&#8221;in_container&#8221; full_screen_row_position=&#8221;middle&#8221; column_margin=&#8221;default&#8221; scene_position=&#8221;center&#8221; text_color=&#8221;dark&#8221; text_align=&#8221;left&#8221; zindex=&#8221;1&#8243; overlay_strength=&#8221;0.3&#8243; shape_divider_position=&#8221;bottom&#8221; bg_image_animation=&#8221;none&#8221; shape_type=&#8221;&#8221;][vc_column column_padding=&#8221;no-extra-padding&#8221; column_padding_position=&#8221;all&#8221; background_color_opacity=&#8221;1&#8243; background_hover_color_opacity=&#8221;1&#8243; column_link_target=&#8221;_self&#8221; column_shadow=&#8221;none&#8221; column_border_radius=&#8221;none&#8221; width=&#8221;1\/1&#8243; tablet_width_inherit=&#8221;default&#8221; tablet_text_alignment=&#8221;default&#8221; phone_text_alignment=&#8221;default&#8221; overlay_strength=&#8221;0.3&#8243; column_border_width=&#8221;none&#8221; column_border_style=&#8221;solid&#8221; bg_image_animation=&#8221;none&#8221;][\/vc_column][\/vc_row][vc_row type=&#8221;full_width_content&#8221; full_screen_row_position=&#8221;middle&#8221; column_margin=&#8221;default&#8221;...\" \/>\n<meta property=\"og:url\" content=\"https:\/\/www.hotelri.fr\/en\/things-to-see-do\/\" \/>\n<meta property=\"og:site_name\" content=\"Hotel Relais d&#039;Issenheim\" \/>\n<meta property=\"article:modified_time\" content=\"2020-03-19T17:08:09+00:00\" \/>\n<meta name=\"twitter:card\" content=\"summary_large_image\" \/>\n<meta name=\"twitter:label1\" content=\"Est. reading time\" \/>\n\t<meta name=\"twitter:data1\" content=\"4 minutes\" \/>\n<script type=\"application\/ld+json\" class=\"yoast-schema-graph\">{\"@context\":\"https:\/\/schema.org\",\"@graph\":[{\"@type\":\"WebPage\",\"@id\":\"https:\/\/www.hotelri.fr\/en\/things-to-see-do\/\",\"url\":\"https:\/\/www.hotelri.fr\/en\/things-to-see-do\/\",\"name\":\"Things to see & do - Hotel Relais d&#039;Issenheim\",\"isPartOf\":{\"@id\":\"https:\/\/www.hotelri.fr\/#website\"},\"datePublished\":\"2020-03-19T17:06:56+00:00\",\"dateModified\":\"2020-03-19T17:08:09+00:00\",\"breadcrumb\":{\"@id\":\"https:\/\/www.hotelri.fr\/en\/things-to-see-do\/#breadcrumb\"},\"inLanguage\":\"en-US\",\"potentialAction\":[{\"@type\":\"ReadAction\",\"target\":[\"https:\/\/www.hotelri.fr\/en\/things-to-see-do\/\"]}]},{\"@type\":\"BreadcrumbList\",\"@id\":\"https:\/\/www.hotelri.fr\/en\/things-to-see-do\/#breadcrumb\",\"itemListElement\":[{\"@type\":\"ListItem\",\"position\":1,\"name\":\"Accueil\",\"item\":\"https:\/\/www.hotelri.fr\/en\/\"},{\"@type\":\"ListItem\",\"position\":2,\"name\":\"Things to see &#038; do\"}]},{\"@type\":\"WebSite\",\"@id\":\"https:\/\/www.hotelri.fr\/#website\",\"url\":\"https:\/\/www.hotelri.fr\/\",\"name\":\"Hotel Relais d&#039;Issenheim\",\"description\":\"Un site utilisant WordPress\",\"potentialAction\":[{\"@type\":\"SearchAction\",\"target\":{\"@type\":\"EntryPoint\",\"urlTemplate\":\"https:\/\/www.hotelri.fr\/?s={search_term_string}\"},\"query-input\":{\"@type\":\"PropertyValueSpecification\",\"valueRequired\":true,\"valueName\":\"search_term_string\"}}],\"inLanguage\":\"en-US\"}]}<\/script>\n<!-- \/ Yoast SEO plugin. -->","yoast_head_json":{"title":"Things to see & do - Hotel Relais d&#039;Issenheim","robots":{"index":"index","follow":"follow","max-snippet":"max-snippet:-1","max-image-preview":"max-image-preview:large","max-video-preview":"max-video-preview:-1"},"canonical":"https:\/\/www.hotelri.fr\/en\/things-to-see-do\/","og_locale":"en_US","og_type":"article","og_title":"Things to see & do - Hotel Relais d&#039;Issenheim","og_description":"[vc_row type=&#8221;in_container&#8221; full_screen_row_position=&#8221;middle&#8221; column_margin=&#8221;default&#8221; scene_position=&#8221;center&#8221; text_color=&#8221;dark&#8221; text_align=&#8221;left&#8221; zindex=&#8221;1&#8243; overlay_strength=&#8221;0.3&#8243; shape_divider_position=&#8221;bottom&#8221; bg_image_animation=&#8221;none&#8221; shape_type=&#8221;&#8221;][vc_column column_padding=&#8221;no-extra-padding&#8221; column_padding_position=&#8221;all&#8221; background_color_opacity=&#8221;1&#8243; background_hover_color_opacity=&#8221;1&#8243; column_link_target=&#8221;_self&#8221; column_shadow=&#8221;none&#8221; column_border_radius=&#8221;none&#8221; width=&#8221;1\/1&#8243; tablet_width_inherit=&#8221;default&#8221; tablet_text_alignment=&#8221;default&#8221; phone_text_alignment=&#8221;default&#8221; overlay_strength=&#8221;0.3&#8243; column_border_width=&#8221;none&#8221; column_border_style=&#8221;solid&#8221; bg_image_animation=&#8221;none&#8221;][\/vc_column][\/vc_row][vc_row type=&#8221;full_width_content&#8221; full_screen_row_position=&#8221;middle&#8221; column_margin=&#8221;default&#8221;...","og_url":"https:\/\/www.hotelri.fr\/en\/things-to-see-do\/","og_site_name":"Hotel Relais d&#039;Issenheim","article_modified_time":"2020-03-19T17:08:09+00:00","twitter_card":"summary_large_image","twitter_misc":{"Est. reading time":"4 minutes"},"schema":{"@context":"https:\/\/schema.org","@graph":[{"@type":"WebPage","@id":"https:\/\/www.hotelri.fr\/en\/things-to-see-do\/","url":"https:\/\/www.hotelri.fr\/en\/things-to-see-do\/","name":"Things to see & do - Hotel Relais d&#039;Issenheim","isPartOf":{"@id":"https:\/\/www.hotelri.fr\/#website"},"datePublished":"2020-03-19T17:06:56+00:00","dateModified":"2020-03-19T17:08:09+00:00","breadcrumb":{"@id":"https:\/\/www.hotelri.fr\/en\/things-to-see-do\/#breadcrumb"},"inLanguage":"en-US","potentialAction":[{"@type":"ReadAction","target":["https:\/\/www.hotelri.fr\/en\/things-to-see-do\/"]}]},{"@type":"BreadcrumbList","@id":"https:\/\/www.hotelri.fr\/en\/things-to-see-do\/#breadcrumb","itemListElement":[{"@type":"ListItem","position":1,"name":"Accueil","item":"https:\/\/www.hotelri.fr\/en\/"},{"@type":"ListItem","position":2,"name":"Things to see &#038; do"}]},{"@type":"WebSite","@id":"https:\/\/www.hotelri.fr\/#website","url":"https:\/\/www.hotelri.fr\/","name":"Hotel Relais d&#039;Issenheim","description":"Un site utilisant WordPress","potentialAction":[{"@type":"SearchAction","target":{"@type":"EntryPoint","urlTemplate":"https:\/\/www.hotelri.fr\/?s={search_term_string}"},"query-input":{"@type":"PropertyValueSpecification","valueRequired":true,"valueName":"search_term_string"}}],"inLanguage":"en-US"}]}},"_links":{"self":[{"href":"https:\/\/www.hotelri.fr\/en\/wp-json\/wp\/v2\/pages\/243","targetHints":{"allow":["GET"]}}],"collection":[{"href":"https:\/\/www.hotelri.fr\/en\/wp-json\/wp\/v2\/pages"}],"about":[{"href":"https:\/\/www.hotelri.fr\/en\/wp-json\/wp\/v2\/types\/page"}],"author":[{"embeddable":true,"href":"https:\/\/www.hotelri.fr\/en\/wp-json\/wp\/v2\/users\/2"}],"replies":[{"embeddable":true,"href":"https:\/\/www.hotelri.fr\/en\/wp-json\/wp\/v2\/comments?post=243"}],"version-history":[{"count":0,"href":"https:\/\/www.hotelri.fr\/en\/wp-json\/wp\/v2\/pages\/243\/revisions"}],"wp:attachment":[{"href":"https:\/\/www.hotelri.fr\/en\/wp-json\/wp\/v2\/media?parent=243"}],"curies":[{"name":"wp","href":"https:\/\/api.w.org\/{rel}","templated":true}]}}